{"id":806,"date":"2021-04-18T23:00:03","date_gmt":"2021-04-18T23:00:03","guid":{"rendered":"https:\/\/i-solutions.com.ec\/wp\/?post_type=product&#038;p=806"},"modified":"2021-05-13T19:04:33","modified_gmt":"2021-05-13T19:04:33","slug":"monogafa","status":"publish","type":"product","link":"https:\/\/i-solutions.com.ec\/wp\/producto\/monogafa\/","title":{"rendered":"MONOGAFA ARMOR SUPER AR-60"},"content":{"rendered":"<p><strong>Descripci\u00f3n:<\/strong>Monogafa de seguridad con sello suave y banda de ajuste<\/p>\n<p><strong>Caracteristicas.-<\/strong>Fabricada de policarbonato y silic\u00f3n con banda el\u00e1stica textil regulable, Compatible con m\u00e1scaras de media cara.<\/p>\n<p><strong>Norma:<\/strong>Cumple con la norma EN-166:2001B<\/p>\n<p><strong>Aplicaciones:<\/strong>Laboratorios,bodegas,Qu\u00edmicos,reciclaje<\/p>\n<p>&nbsp;<\/p>\n","protected":false},"excerpt":{"rendered":"<p><a href=\"https:\/\/wa.me\/593992477772\/?text=Hola%20necesito%20m\u00e1s%20informaci\u00f3n%20acerca%20de%20la%20monogafa%20Armor\" target=\"_blank\" rel=\"noopener\"><br \/>\n<img loading=\"lazy\" title=\"solicitar m\u00e1s informaci\u00f3n\" src=\"https:\/\/i-solutions.com.ec\/wp\/wp-content\/uploads\/2021\/04\/logo-wasap.png \" width=\"50\" height=\"50\" \/><br \/>\n<\/a><\/p>\n","protected":false},"featured_media":807,"comment_status":"open","ping_status":"closed","template":"","meta":[],"product_cat":[40],"product_tag":[],"_links":{"self":[{"href":"https:\/\/i-solutions.com.ec\/wp\/wp-json\/wp\/v2\/product\/806"}],"collection":[{"href":"https:\/\/i-solutions.com.ec\/wp\/wp-json\/wp\/v2\/product"}],"about":[{"href":"https:\/\/i-solutions.com.ec\/wp\/wp-json\/wp\/v2\/types\/product"}],"replies":[{"embeddable":true,"href":"https:\/\/i-solutions.com.ec\/wp\/wp-json\/wp\/v2\/comments?post=806"}],"wp:featuredmedia":[{"embeddable":true,"href":"https:\/\/i-solutions.com.ec\/wp\/wp-json\/wp\/v2\/media\/807"}],"wp:attachment":[{"href":"https:\/\/i-solutions.com.ec\/wp\/wp-json\/wp\/v2\/media?parent=806"}],"wp:term":[{"taxonomy":"product_cat","embeddable":true,"href":"https:\/\/i-solutions.com.ec\/wp\/wp-json\/wp\/v2\/product_cat?post=806"},{"taxonomy":"product_tag","embeddable":true,"href":"https:\/\/i-solutions.com.ec\/wp\/wp-json\/wp\/v2\/product_tag?post=806"}],"curies":[{"name":"wp","href":"https:\/\/api.w.org\/{rel}","templated":true}]}}