{"id":2255,"date":"2021-04-27T23:11:39","date_gmt":"2021-04-27T23:11:39","guid":{"rendered":"https:\/\/i-solutions.com.ec\/wp\/?post_type=product&#038;p=2255"},"modified":"2021-05-11T22:07:06","modified_gmt":"2021-05-11T22:07:06","slug":"sikaflex-252-negro-salchicha","status":"publish","type":"product","link":"https:\/\/i-solutions.com.ec\/wp\/producto\/sikaflex-252-negro-salchicha\/","title":{"rendered":"SIKAFLEX 252 NEGRO SALCHICHA"},"content":{"rendered":"<p><strong>DESCRIPCI\u00d3N DEL PRODUCTO<\/strong><\/p>\n<p>Sika\ufb02ex &#8211; 252 es un adhesivo de poliuretano de 1 componente que no escurre, de consistencia pastosa que cura con la exposici\u00f3n a la humedad atmosf\u00e9rica para formar un elast\u00f3mero durable. Sika\ufb02ex\u00ae- 252 es fabricado deacuerdo con las normas ISO 9001\/14001 del sistema de aseguramiento de calidad y con el programa \u201cResponsible Care\u201d.<\/p>\n<p><strong>BENEFICIOS DEL PRODUCTO<\/strong><\/p>\n<p>\u2022 Formulaci\u00f3n 1 componente.<\/p>\n<p>\u2022 El\u00e1stico.<\/p>\n<p>\u2022 Puede ser pintado.<\/p>\n<p>\u2022 Buenas propiedades de relleno.<\/p>\n<p>\u2022 Capaz de resistir altas tensiones din\u00e1micas.<\/p>\n<p>\u2022 Evita la vibraci\u00f3n y \ufb01ltraci\u00f3n.<\/p>\n<p>\u2022 No corrosivo.<\/p>\n<p>\u2022 No conductivo.<\/p>\n<p>\u2022 Pega una amplia gama de materiales<\/p>\n<p><strong>APLICACI\u00d3N<\/strong><\/p>\n<p>Sika\ufb02ex &#8211; 252 es adecuado para juntas estructurales que podr\u00edan estar sujetas a tensiones din\u00e1micas. Adecuado para materiales como madera, metales, particularmente aluminio (incluyendo componentes anodizados), l\u00e1minas de acero (incluyendo componentes fosfatizados, cromados, y zinc plateados), metales con primer y capas de pintura (sistemas 2 C), materiales cer\u00e1micos y pl\u00e1sticos. Buscar asesor\u00eda del fabricante antes de usar sobre materiales pl\u00e1sticos que son propensos a tensiones internas. Este producto s\u00f3lo es adecuado para profesionales experimentados. Se deben realizar pruebas con los substratos y condiciones a ser utilizados para asegurar la adhesi\u00f3n y la compatibilidad de los materiales.<\/p>\n","protected":false},"excerpt":{"rendered":"<style>\n@media (max-width: 600px) {<br \/>  #container{<br \/>display:flex;<<br \/> flex-direction: column;<br \/>}<br \/>}<br \/>#container{<br \/>display:flex;<br \/>justify-content: space-beetween;<br \/>}<br \/>#cosa{<br \/>margin:2px;<br \/>}<br \/>#boton{<br \/>margin:2px;<br \/>}<br \/><\/style>\n<p><a href=\"https:\/\/wa.me\/593992477772\/?text=Hola%20necesito%20m\u00e1s%20informaci\u00f3n%20acerca%20del%20Sikaflex%2052%20negro%20salchicha\"target=\"_blank\"><br \/>\n<img loading=\"lazy\" title=\"solicitar m\u00e1s informaci\u00f3n\" src=\"https:\/\/i-solutions.com.ec\/wp\/wp-content\/uploads\/2021\/04\/logo-wasap.png \" width=\"50\" height=\"50\" \/><br \/>\n<\/a><\/p>\n<div id=\"container\"><a id=\"cosa\" href=\"https:\/\/i-solutions.com.ec\/wp\/wp-content\/uploads\/2021\/04\/Sikaflex-252.pdf\" target=\"_blank\" rel=\"noopener\"><input type=\"button\" value=\"Ficha T\u00e9cnica\" \/>\u00a0<\/a><\/div>\n","protected":false},"featured_media":0,"comment_status":"open","ping_status":"closed","template":"","meta":[],"product_cat":[44],"product_tag":[],"_links":{"self":[{"href":"https:\/\/i-solutions.com.ec\/wp\/wp-json\/wp\/v2\/product\/2255"}],"collection":[{"href":"https:\/\/i-solutions.com.ec\/wp\/wp-json\/wp\/v2\/product"}],"about":[{"href":"https:\/\/i-solutions.com.ec\/wp\/wp-json\/wp\/v2\/types\/product"}],"replies":[{"embeddable":true,"href":"https:\/\/i-solutions.com.ec\/wp\/wp-json\/wp\/v2\/comments?post=2255"}],"wp:attachment":[{"href":"https:\/\/i-solutions.com.ec\/wp\/wp-json\/wp\/v2\/media?parent=2255"}],"wp:term":[{"taxonomy":"product_cat","embeddable":true,"href":"https:\/\/i-solutions.com.ec\/wp\/wp-json\/wp\/v2\/product_cat?post=2255"},{"taxonomy":"product_tag","embeddable":true,"href":"https:\/\/i-solutions.com.ec\/wp\/wp-json\/wp\/v2\/product_tag?post=2255"}],"curies":[{"name":"wp","href":"https:\/\/api.w.org\/{rel}","templated":true}]}}